{"id":1557,"date":"2021-09-27T16:27:05","date_gmt":"2021-09-27T16:27:05","guid":{"rendered":"https:\/?page_id=1557"},"modified":"2021-09-27T16:54:37","modified_gmt":"2021-09-27T16:54:37","slug":"medical-equipment","status":"publish","type":"page","link":"https:\/\/wellmedpro.com\/pt\/medical-equipment\/","title":{"rendered":"Equipamento m\u00e9dico"},"content":{"rendered":"<div data-elementor-type=\"wp-page\" data-elementor-id=\"1557\" class=\"elementor elementor-1557\" data-elementor-post-type=\"page\">\n\t\t\t\t\t\t<section class=\"elementor-section elementor-top-section elementor-element elementor-element-c24b43b elementor-section-boxed elementor-section-height-default elementor-section-height-default\" data-id=\"c24b43b\" data-element_type=\"section\">\n\t\t\t\t\t\t<div class=\"elementor-container elementor-column-gap-default\">\n\t\t\t\t\t<div class=\"elementor-column elementor-col-100 elementor-top-column elementor-element elementor-element-f4536b0\" data-id=\"f4536b0\" data-element_type=\"column\">\n\t\t\t<div class=\"elementor-widget-wrap elementor-element-populated\">\n\t\t\t\t\t\t<div class=\"elementor-element elementor-element-71deec8 elementor-widget elementor-widget-spacer\" data-id=\"71deec8\" data-element_type=\"widget\" data-widget_type=\"spacer.default\">\n\t\t\t\t<div class=\"elementor-widget-container\">\n\t\t\t\t\t\t\t<div class=\"elementor-spacer\">\n\t\t\t<div class=\"elementor-spacer-inner\"><\/div>\n\t\t<\/div>\n\t\t\t\t\t\t<\/div>\n\t\t\t\t<\/div>\n\t\t\t\t<div class=\"elementor-element elementor-element-cf3e849 elementor-widget elementor-widget-heading\" data-id=\"cf3e849\" data-element_type=\"widget\" data-widget_type=\"heading.default\">\n\t\t\t\t<div class=\"elementor-widget-container\">\n\t\t\t\t\t<h2 class=\"elementor-heading-title elementor-size-default\">EQUIPAMENTO M\u00c9DICO<\/h2>\t\t\t\t<\/div>\n\t\t\t\t<\/div>\n\t\t\t\t<div class=\"elementor-element elementor-element-1e092f4 elementor-widget elementor-widget-text-editor\" data-id=\"1e092f4\" data-element_type=\"widget\" data-widget_type=\"text-editor.default\">\n\t\t\t\t<div class=\"elementor-widget-container\">\n\t\t\t\t\t\t\t\t\t<p><strong>Ventiladores, aparelhos de anestesia e respiradores<\/strong><\/p>\t\t\t\t\t\t\t\t<\/div>\n\t\t\t\t<\/div>\n\t\t\t\t\t<\/div>\n\t\t<\/div>\n\t\t\t\t\t<\/div>\n\t\t<\/section>\n\t\t\t\t<section class=\"elementor-section elementor-top-section elementor-element elementor-element-07be491 elementor-section-boxed elementor-section-height-default elementor-section-height-default\" data-id=\"07be491\" data-element_type=\"section\">\n\t\t\t\t\t\t<div class=\"elementor-container elementor-column-gap-default\">\n\t\t\t\t\t<div class=\"elementor-column elementor-col-50 elementor-top-column elementor-element elementor-element-69855df\" data-id=\"69855df\" data-element_type=\"column\">\n\t\t\t<div class=\"elementor-widget-wrap elementor-element-populated\">\n\t\t\t\t\t\t<div class=\"elementor-element elementor-element-8ed2b5c elementor-widget elementor-widget-spacer\" data-id=\"8ed2b5c\" data-element_type=\"widget\" data-widget_type=\"spacer.default\">\n\t\t\t\t<div class=\"elementor-widget-container\">\n\t\t\t\t\t\t\t<div class=\"elementor-spacer\">\n\t\t\t<div class=\"elementor-spacer-inner\"><\/div>\n\t\t<\/div>\n\t\t\t\t\t\t<\/div>\n\t\t\t\t<\/div>\n\t\t\t\t<div class=\"elementor-element elementor-element-b093e2a elementor-widget elementor-widget-image\" data-id=\"b093e2a\" data-element_type=\"widget\" data-widget_type=\"image.default\">\n\t\t\t\t<div class=\"elementor-widget-container\">\n\t\t\t\t\t\t\t\t\t\t\t\t\t\t\t<img fetchpriority=\"high\" decoding=\"async\" width=\"734\" height=\"1024\" src=\"https:\/\/wellmedpro.com\/wp-content\/uploads\/2021\/09\/Respiratory-Ventilator-VG70-2-734x1024.jpg\" class=\"attachment-large size-large wp-image-1564\" alt=\"\" srcset=\"https:\/\/wellmedpro.com\/wp-content\/uploads\/2021\/09\/Respiratory-Ventilator-VG70-2-734x1024.jpg 734w, https:\/\/wellmedpro.com\/wp-content\/uploads\/2021\/09\/Respiratory-Ventilator-VG70-2-600x837.jpg 600w, https:\/\/wellmedpro.com\/wp-content\/uploads\/2021\/09\/Respiratory-Ventilator-VG70-2-215x300.jpg 215w, https:\/\/wellmedpro.com\/wp-content\/uploads\/2021\/09\/Respiratory-Ventilator-VG70-2-768x1071.jpg 768w, https:\/\/wellmedpro.com\/wp-content\/uploads\/2021\/09\/Respiratory-Ventilator-VG70-2-1102x1536.jpg 1102w, https:\/\/wellmedpro.com\/wp-content\/uploads\/2021\/09\/Respiratory-Ventilator-VG70-2-1469x2048.jpg 1469w, https:\/\/wellmedpro.com\/wp-content\/uploads\/2021\/09\/Respiratory-Ventilator-VG70-2.jpg 1582w\" sizes=\"(max-width: 734px) 100vw, 734px\" \/>\t\t\t\t\t\t\t\t\t\t\t\t\t\t\t<\/div>\n\t\t\t\t<\/div>\n\t\t\t\t<div class=\"elementor-element elementor-element-e72743b elementor-widget elementor-widget-text-editor\" data-id=\"e72743b\" data-element_type=\"widget\" data-widget_type=\"text-editor.default\">\n\t\t\t\t<div class=\"elementor-widget-container\">\n\t\t\t\t\t\t\t\t\t<p>Uma combina\u00e7\u00e3o ideal de ventilador invasivo e n\u00e3o invasivo<\/p>\t\t\t\t\t\t\t\t<\/div>\n\t\t\t\t<\/div>\n\t\t\t\t<div class=\"elementor-element elementor-element-aaf6aff elementor-widget elementor-widget-image-gallery\" data-id=\"aaf6aff\" data-element_type=\"widget\" data-widget_type=\"image-gallery.default\">\n\t\t\t\t<div class=\"elementor-widget-container\">\n\t\t\t\t\t\t\t<div class=\"elementor-image-gallery\">\n\t\t\t<div id='gallery-1' class='gallery galleryid-1557 gallery-columns-3 gallery-size-thumbnail'><figure class='gallery-item'>\n\t\t\t<div class='gallery-icon landscape'>\n\t\t\t\t<a data-elementor-open-lightbox=\"yes\" data-elementor-lightbox-slideshow=\"aaf6aff\" data-elementor-lightbox-title=\"VG70-En(7) UPDATED\" data-e-action-hash=\"#elementor-action%3Aaction%3Dlightbox%26settings%3DeyJpZCI6MTU2NSwidXJsIjoiaHR0cHM6XC9cL3dlbGxtZWRwcm8uY29tXC93cC1jb250ZW50XC91cGxvYWRzXC8yMDIxXC8wOVwvUmVzcGlyYXRvcnktVmVudGlsYXRvci1WRzcwLTIyLmpwZyIsInNsaWRlc2hvdyI6ImFhZjZhZmYifQ%3D%3D\" href='https:\/\/wellmedpro.com\/wp-content\/uploads\/2021\/09\/Respiratory-Ventilator-VG70-22.jpg'><img decoding=\"async\" width=\"150\" height=\"150\" src=\"https:\/\/wellmedpro.com\/wp-content\/uploads\/2021\/09\/Respiratory-Ventilator-VG70-22-150x150.jpg\" class=\"attachment-thumbnail size-thumbnail\" alt=\"\" srcset=\"https:\/\/wellmedpro.com\/wp-content\/uploads\/2021\/09\/Respiratory-Ventilator-VG70-22-150x150.jpg 150w, https:\/\/wellmedpro.com\/wp-content\/uploads\/2021\/09\/Respiratory-Ventilator-VG70-22-300x300.jpg 300w, https:\/\/wellmedpro.com\/wp-content\/uploads\/2021\/09\/Respiratory-Ventilator-VG70-22-100x100.jpg 100w\" sizes=\"(max-width: 150px) 100vw, 150px\" \/><\/a>\n\t\t\t<\/div><\/figure><figure class='gallery-item'>\n\t\t\t<div class='gallery-icon landscape'>\n\t\t\t\t<a data-elementor-open-lightbox=\"yes\" data-elementor-lightbox-slideshow=\"aaf6aff\" data-elementor-lightbox-title=\"VG70-En(7) UPDATED\" data-e-action-hash=\"#elementor-action%3Aaction%3Dlightbox%26settings%3DeyJpZCI6MTU2NiwidXJsIjoiaHR0cHM6XC9cL3dlbGxtZWRwcm8uY29tXC93cC1jb250ZW50XC91cGxvYWRzXC8yMDIxXC8wOVwvUmVzcGlyYXRvcnktVmVudGlsYXRvci1WRzcwLTIzLmpwZyIsInNsaWRlc2hvdyI6ImFhZjZhZmYifQ%3D%3D\" href='https:\/\/wellmedpro.com\/wp-content\/uploads\/2021\/09\/Respiratory-Ventilator-VG70-23.jpg'><img decoding=\"async\" width=\"150\" height=\"150\" src=\"https:\/\/wellmedpro.com\/wp-content\/uploads\/2021\/09\/Respiratory-Ventilator-VG70-23-150x150.jpg\" class=\"attachment-thumbnail size-thumbnail\" alt=\"\" srcset=\"https:\/\/wellmedpro.com\/wp-content\/uploads\/2021\/09\/Respiratory-Ventilator-VG70-23-150x150.jpg 150w, https:\/\/wellmedpro.com\/wp-content\/uploads\/2021\/09\/Respiratory-Ventilator-VG70-23-300x300.jpg 300w, https:\/\/wellmedpro.com\/wp-content\/uploads\/2021\/09\/Respiratory-Ventilator-VG70-23-100x100.jpg 100w\" sizes=\"(max-width: 150px) 100vw, 150px\" \/><\/a>\n\t\t\t<\/div><\/figure>\n\t\t<\/div>\n\t\t<\/div>\n\t\t\t\t\t\t<\/div>\n\t\t\t\t<\/div>\n\t\t\t\t\t<\/div>\n\t\t<\/div>\n\t\t\t\t<div class=\"elementor-column elementor-col-50 elementor-top-column elementor-element elementor-element-df4a132\" data-id=\"df4a132\" data-element_type=\"column\">\n\t\t\t<div class=\"elementor-widget-wrap elementor-element-populated\">\n\t\t\t\t\t\t<div class=\"elementor-element elementor-element-cd07b57 elementor-widget elementor-widget-spacer\" data-id=\"cd07b57\" data-element_type=\"widget\" data-widget_type=\"spacer.default\">\n\t\t\t\t<div class=\"elementor-widget-container\">\n\t\t\t\t\t\t\t<div class=\"elementor-spacer\">\n\t\t\t<div class=\"elementor-spacer-inner\"><\/div>\n\t\t<\/div>\n\t\t\t\t\t\t<\/div>\n\t\t\t\t<\/div>\n\t\t\t\t<div class=\"elementor-element elementor-element-ab7ba37 elementor-widget elementor-widget-heading\" data-id=\"ab7ba37\" data-element_type=\"widget\" data-widget_type=\"heading.default\">\n\t\t\t\t<div class=\"elementor-widget-container\">\n\t\t\t\t\t<h2 class=\"elementor-heading-title elementor-size-default\">Ventilador VG70<\/h2>\t\t\t\t<\/div>\n\t\t\t\t<\/div>\n\t\t\t\t<div class=\"elementor-element elementor-element-9a05abf elementor-widget elementor-widget-text-editor\" data-id=\"9a05abf\" data-element_type=\"widget\" data-widget_type=\"text-editor.default\">\n\t\t\t\t<div class=\"elementor-widget-container\">\n\t\t\t\t\t\t\t\t\t<p><strong>Ventilador de UTI m\u00f3vel superior<\/strong><br \/>\u2022 Ventilador de UTI abrangente incluindo BIVENT e PRVC.<br \/>\u2022 Bateria compacta de grande capacidade, sem compressor de ar, mobilidade intra-hospitalar.<br \/>\u2022 Configura\u00e7\u00e3o flex\u00edvel do dispositivo: equipado em um carrinho, cama ou pendente no teto.<\/p><p><strong>Solu\u00e7\u00e3o econ\u00f4mica<\/strong><br \/>\u2022 V\u00e1lvula de exala\u00e7\u00e3o aquecida \u00fanica, autoclav\u00e1vel e baseada em metal.<br \/>\u2022 Sensor de fluxo integrado, design n\u00e3o consum\u00edvel.<br \/>\u2022 Software do sistema de ventila\u00e7\u00e3o atualiz\u00e1vel, com uma porta USB dispon\u00edvel.<\/p><p><strong>Sincronia paciente-ventilador ideal, aumenta o conforto do paciente<\/strong><br \/>\u2022 O Sistema \u00danico de Compensa\u00e7\u00e3o de Vazamento - Mantenha o controle preciso do volume corrente de cada respira\u00e7\u00e3o. entregue ao paciente ajustando a dosagem de compensa\u00e7\u00e3o automaticamente.<br \/>\u2022 T\u00e9cnica de disparo avan\u00e7ada: aumenta a sensibilidade, evita disparos esp\u00farios.<\/p><p><strong>Ventila\u00e7\u00e3o segura durante toda a fase de tratamento<\/strong><\/p>\t\t\t\t\t\t\t\t<\/div>\n\t\t\t\t<\/div>\n\t\t\t\t<div class=\"elementor-element elementor-element-8bf9a37 elementor-widget elementor-widget-text-editor\" data-id=\"8bf9a37\" data-element_type=\"widget\" data-widget_type=\"text-editor.default\">\n\t\t\t\t<div class=\"elementor-widget-container\">\n\t\t\t\t\t\t\t\t\t<p><strong>Caracter\u00edsticas:<\/strong><\/p>\t\t\t\t\t\t\t\t<\/div>\n\t\t\t\t<\/div>\n\t\t\t\t<div class=\"elementor-element elementor-element-eaf49df elementor-align-left elementor-list-item-link-full_width elementor-widget elementor-widget-icon-list\" data-id=\"eaf49df\" data-element_type=\"widget\" data-widget_type=\"icon-list.default\">\n\t\t\t\t<div class=\"elementor-widget-container\">\n\t\t\t\t\t\t\t<ul class=\"elementor-icon-list-items\">\n\t\t\t\t\t\t\t<li class=\"elementor-icon-list-item\">\n\t\t\t\t\t\t\t\t\t\t\t<span class=\"elementor-icon-list-icon\">\n\t\t\t\t\t\t\t<i aria-hidden=\"true\" class=\"fas fa-check\"><\/i>\t\t\t\t\t\t<\/span>\n\t\t\t\t\t\t\t\t\t\t<span class=\"elementor-icon-list-text\">Tela: 12 \u301etela de toque colorida TFT (destac\u00e1vel) <\/span>\n\t\t\t\t\t\t\t\t\t<\/li>\n\t\t\t\t\t\t\t\t<li class=\"elementor-icon-list-item\">\n\t\t\t\t\t\t\t\t\t\t\t<span class=\"elementor-icon-list-icon\">\n\t\t\t\t\t\t\t<i aria-hidden=\"true\" class=\"fas fa-check\"><\/i>\t\t\t\t\t\t<\/span>\n\t\t\t\t\t\t\t\t\t\t<span class=\"elementor-icon-list-text\">Fornecimento de g\u00e1s: O2, 0,28 ~ 0,6 MPa<\/span>\n\t\t\t\t\t\t\t\t\t<\/li>\n\t\t\t\t\t\t\t\t<li class=\"elementor-icon-list-item\">\n\t\t\t\t\t\t\t\t\t\t\t<span class=\"elementor-icon-list-icon\">\n\t\t\t\t\t\t\t<i aria-hidden=\"true\" class=\"fas fa-check\"><\/i>\t\t\t\t\t\t<\/span>\n\t\t\t\t\t\t\t\t\t\t<span class=\"elementor-icon-list-text\"> Fonte de alimenta\u00e7\u00e3o: AC100 ~ 240 V, 50 Hz \/ 60 Hz<\/span>\n\t\t\t\t\t\t\t\t\t<\/li>\n\t\t\t\t\t\t\t\t<li class=\"elementor-icon-list-item\">\n\t\t\t\t\t\t\t\t\t\t\t<span class=\"elementor-icon-list-icon\">\n\t\t\t\t\t\t\t<i aria-hidden=\"true\" class=\"fas fa-check\"><\/i>\t\t\t\t\t\t<\/span>\n\t\t\t\t\t\t\t\t\t\t<span class=\"elementor-icon-list-text\">Interface de comunica\u00e7\u00e3o: Porta RS-232, Porta para chamar enfermeira, Porta Ethernet<\/span>\n\t\t\t\t\t\t\t\t\t<\/li>\n\t\t\t\t\t\t\t\t<li class=\"elementor-icon-list-item\">\n\t\t\t\t\t\t\t\t\t\t\t<span class=\"elementor-icon-list-icon\">\n\t\t\t\t\t\t\t<i aria-hidden=\"true\" class=\"fas fa-check\"><\/i>\t\t\t\t\t\t<\/span>\n\t\t\t\t\t\t\t\t\t\t<span class=\"elementor-icon-list-text\">Dimens\u00e3o (LxPxA): 322 mm x 375 mm x 366 mm (unidade principal) 547 mm x 675 mm x 950 mm (carrinho)<\/span>\n\t\t\t\t\t\t\t\t\t<\/li>\n\t\t\t\t\t\t\t\t<li class=\"elementor-icon-list-item\">\n\t\t\t\t\t\t\t\t\t\t\t<span class=\"elementor-icon-list-icon\">\n\t\t\t\t\t\t\t<i aria-hidden=\"true\" class=\"fas fa-check\"><\/i>\t\t\t\t\t\t<\/span>\n\t\t\t\t\t\t\t\t\t\t<span class=\"elementor-icon-list-text\">Peso: 12,5 kg (Unidade Principal) 25 kg (Carrinho)<\/span>\n\t\t\t\t\t\t\t\t\t<\/li>\n\t\t\t\t\t\t<\/ul>\n\t\t\t\t\t\t<\/div>\n\t\t\t\t<\/div>\n\t\t\t\t\t<\/div>\n\t\t<\/div>\n\t\t\t\t\t<\/div>\n\t\t<\/section>\n\t\t\t\t<section class=\"elementor-section elementor-top-section elementor-element elementor-element-1a762ad elementor-section-boxed elementor-section-height-default elementor-section-height-default\" data-id=\"1a762ad\" data-element_type=\"section\">\n\t\t\t\t\t\t<div class=\"elementor-container elementor-column-gap-default\">\n\t\t\t\t\t<div class=\"elementor-column elementor-col-100 elementor-top-column elementor-element elementor-element-5664e17\" data-id=\"5664e17\" data-element_type=\"column\">\n\t\t\t<div class=\"elementor-widget-wrap elementor-element-populated\">\n\t\t\t\t\t\t<div class=\"elementor-element elementor-element-e58f595 elementor-widget elementor-widget-spacer\" data-id=\"e58f595\" data-element_type=\"widget\" data-widget_type=\"spacer.default\">\n\t\t\t\t<div class=\"elementor-widget-container\">\n\t\t\t\t\t\t\t<div class=\"elementor-spacer\">\n\t\t\t<div class=\"elementor-spacer-inner\"><\/div>\n\t\t<\/div>\n\t\t\t\t\t\t<\/div>\n\t\t\t\t<\/div>\n\t\t\t\t\t<\/div>\n\t\t<\/div>\n\t\t\t\t\t<\/div>\n\t\t<\/section>\n\t\t\t\t<\/div>","protected":false},"excerpt":{"rendered":"<p>EQUIPAMENTO M\u00c9DICO Ventiladores, M\u00e1quinas de Anestesia e Respiradores Uma combina\u00e7\u00e3o ideal de ventilador invasivo e n\u00e3o invasivo Ventilador VG70 Ventilador de UTI m\u00f3vel superior \u2022 Ventilador de UTI abrangente, incluindo BIVENT e PRVC. \u2022 Bateria compacta e de grande capacidade, sem compressor de ar, mobilidade intra-hospitalar. \u2022 Flex\u00edvel configura\u00e7\u00e3o do dispositivo: equipado em um carrinho, cama ou pendente de teto. Solu\u00e7\u00e3o econ\u00f4mica \u2022 Exclusiva \u00e0 base de metal, autoclav\u00e1vel, aquecida [\u2026]<\/p>","protected":false},"author":1,"featured_media":0,"parent":0,"menu_order":0,"comment_status":"closed","ping_status":"closed","template":"","meta":{"_monsterinsights_skip_tracking":false,"_monsterinsights_sitenote_active":false,"_monsterinsights_sitenote_note":"","_monsterinsights_sitenote_category":0,"footnotes":""},"class_list":["post-1557","page","type-page","status-publish","hentry"],"yoast_head":"<!-- This site is optimized with the Yoast SEO plugin v24.7 - https:\/\/yoast.com\/wordpress\/plugins\/seo\/ -->\n<title>Medical Equipment - Wellmed Pro<\/title>\n<meta name=\"robots\" content=\"index, follow, max-snippet:-1, max-image-preview:large, max-video-preview:-1\" \/>\n<link rel=\"canonical\" href=\"https:\/\/wellmedpro.com\/pt\/medical-equipment\/\" \/>\n<meta property=\"og:locale\" content=\"pt_PT\" \/>\n<meta property=\"og:type\" content=\"article\" \/>\n<meta property=\"og:title\" content=\"Medical Equipment - Wellmed Pro\" \/>\n<meta property=\"og:description\" content=\"MEDICAL EQUIPMENT Ventilators, Anesthesia Machines, and Respirators An Optimal Combination of Invasive and Noninvasive Ventilator VG70 Ventilator Superior Mobile ICU ventilator\u2022 Comprehensive ICU ventilator including BIVENT and PRVC.\u2022 Compact, big capacity battery, no air compressor, intra-hospital mobility.\u2022 Flexible device configuration: equipped on a trolley, bed or ceiling pendant. Cost Effective Solution\u2022 Unique metal-based, autoclavable, heated [&hellip;]\" \/>\n<meta property=\"og:url\" content=\"https:\/\/wellmedpro.com\/pt\/medical-equipment\/\" \/>\n<meta property=\"og:site_name\" content=\"Wellmed Pro\" \/>\n<meta property=\"article:modified_time\" content=\"2021-09-27T16:54:37+00:00\" \/>\n<meta property=\"og:image\" content=\"http:\/\/wellmedpro.com\/wp-content\/uploads\/2021\/09\/Respiratory-Ventilator-VG70-2-734x1024.jpg\" \/>\n<meta name=\"twitter:card\" content=\"summary_large_image\" \/>\n<meta name=\"twitter:site\" content=\"@ProWellmed\" \/>\n<meta name=\"twitter:label1\" content=\"Tempo estimado de leitura\" \/>\n\t<meta name=\"twitter:data1\" content=\"2 minutos\" \/>\n<script type=\"application\/ld+json\" class=\"yoast-schema-graph\">{\"@context\":\"https:\/\/schema.org\",\"@graph\":[{\"@type\":\"WebPage\",\"@id\":\"https:\/\/wellmedpro.com\/ar\/medical-equipment\/\",\"url\":\"https:\/\/wellmedpro.com\/ar\/medical-equipment\/\",\"name\":\"Medical Equipment - Wellmed Pro\",\"isPartOf\":{\"@id\":\"https:\/\/wellmedpro.com\/zh\/#website\"},\"primaryImageOfPage\":{\"@id\":\"https:\/\/wellmedpro.com\/ar\/medical-equipment\/#primaryimage\"},\"image\":{\"@id\":\"https:\/\/wellmedpro.com\/ar\/medical-equipment\/#primaryimage\"},\"thumbnailUrl\":\"http:\/\/wellmedpro.com\/wp-content\/uploads\/2021\/09\/Respiratory-Ventilator-VG70-2-734x1024.jpg\",\"datePublished\":\"2021-09-27T16:27:05+00:00\",\"dateModified\":\"2021-09-27T16:54:37+00:00\",\"breadcrumb\":{\"@id\":\"https:\/\/wellmedpro.com\/ar\/medical-equipment\/#breadcrumb\"},\"inLanguage\":\"pt-PT\",\"potentialAction\":[{\"@type\":\"ReadAction\",\"target\":[\"https:\/\/wellmedpro.com\/ar\/medical-equipment\/\"]}]},{\"@type\":\"ImageObject\",\"inLanguage\":\"pt-PT\",\"@id\":\"https:\/\/wellmedpro.com\/ar\/medical-equipment\/#primaryimage\",\"url\":\"http:\/\/wellmedpro.com\/wp-content\/uploads\/2021\/09\/Respiratory-Ventilator-VG70-2-734x1024.jpg\",\"contentUrl\":\"http:\/\/wellmedpro.com\/wp-content\/uploads\/2021\/09\/Respiratory-Ventilator-VG70-2-734x1024.jpg\"},{\"@type\":\"BreadcrumbList\",\"@id\":\"https:\/\/wellmedpro.com\/ar\/medical-equipment\/#breadcrumb\",\"itemListElement\":[{\"@type\":\"ListItem\",\"position\":1,\"name\":\"Portada\",\"item\":\"https:\/\/wellmedpro.com\/zh\/\"},{\"@type\":\"ListItem\",\"position\":2,\"name\":\"Medical Equipment\"}]},{\"@type\":\"WebSite\",\"@id\":\"https:\/\/wellmedpro.com\/zh\/#website\",\"url\":\"https:\/\/wellmedpro.com\/zh\/\",\"name\":\"Wellmed Pro\",\"description\":\"Medical &amp; Veterinary Equipment\",\"publisher\":{\"@id\":\"https:\/\/wellmedpro.com\/zh\/#organization\"},\"potentialAction\":[{\"@type\":\"SearchAction\",\"target\":{\"@type\":\"EntryPoint\",\"urlTemplate\":\"https:\/\/wellmedpro.com\/zh\/?s={search_term_string}\"},\"query-input\":{\"@type\":\"PropertyValueSpecification\",\"valueRequired\":true,\"valueName\":\"search_term_string\"}}],\"inLanguage\":\"pt-PT\"},{\"@type\":\"Organization\",\"@id\":\"https:\/\/wellmedpro.com\/zh\/#organization\",\"name\":\"Wellmed Pro\",\"url\":\"https:\/\/wellmedpro.com\/zh\/\",\"logo\":{\"@type\":\"ImageObject\",\"inLanguage\":\"pt-PT\",\"@id\":\"https:\/\/wellmedpro.com\/zh\/#\/schema\/logo\/image\/\",\"url\":\"https:\/\/wellmedpro.com\/wp-content\/uploads\/2020\/03\/cropped-wellmedpro-logo.png\",\"contentUrl\":\"https:\/\/wellmedpro.com\/wp-content\/uploads\/2020\/03\/cropped-wellmedpro-logo.png\",\"width\":2865,\"height\":287,\"caption\":\"Wellmed Pro \"},\"image\":{\"@id\":\"https:\/\/wellmedpro.com\/zh\/#\/schema\/logo\/image\/\"},\"sameAs\":[\"https:\/\/x.com\/ProWellmed\",\"https:\/\/www.linkedin.com\/in\/nacho-rexach-torner-0bba1731\/\",\"https:\/\/www.youtube.com\/channel\/UC_CLjmjvvaUSQlLMX6reqCA\"]}]}<\/script>\n<!-- \/ Yoast SEO plugin. -->","yoast_head_json":{"title":"Medical Equipment - Wellmed Pro","robots":{"index":"index","follow":"follow","max-snippet":"max-snippet:-1","max-image-preview":"max-image-preview:large","max-video-preview":"max-video-preview:-1"},"canonical":"https:\/\/wellmedpro.com\/pt\/medical-equipment\/","og_locale":"pt_PT","og_type":"article","og_title":"Medical Equipment - Wellmed Pro","og_description":"MEDICAL EQUIPMENT Ventilators, Anesthesia Machines, and Respirators An Optimal Combination of Invasive and Noninvasive Ventilator VG70 Ventilator Superior Mobile ICU ventilator\u2022 Comprehensive ICU ventilator including BIVENT and PRVC.\u2022 Compact, big capacity battery, no air compressor, intra-hospital mobility.\u2022 Flexible device configuration: equipped on a trolley, bed or ceiling pendant. Cost Effective Solution\u2022 Unique metal-based, autoclavable, heated [&hellip;]","og_url":"https:\/\/wellmedpro.com\/pt\/medical-equipment\/","og_site_name":"Wellmed Pro","article_modified_time":"2021-09-27T16:54:37+00:00","og_image":[{"url":"http:\/\/wellmedpro.com\/wp-content\/uploads\/2021\/09\/Respiratory-Ventilator-VG70-2-734x1024.jpg","type":"","width":"","height":""}],"twitter_card":"summary_large_image","twitter_site":"@ProWellmed","twitter_misc":{"Tempo estimado de leitura":"2 minutos"},"schema":{"@context":"https:\/\/schema.org","@graph":[{"@type":"WebPage","@id":"https:\/\/wellmedpro.com\/ar\/medical-equipment\/","url":"https:\/\/wellmedpro.com\/ar\/medical-equipment\/","name":"Medical Equipment - Wellmed Pro","isPartOf":{"@id":"https:\/\/wellmedpro.com\/zh\/#website"},"primaryImageOfPage":{"@id":"https:\/\/wellmedpro.com\/ar\/medical-equipment\/#primaryimage"},"image":{"@id":"https:\/\/wellmedpro.com\/ar\/medical-equipment\/#primaryimage"},"thumbnailUrl":"http:\/\/wellmedpro.com\/wp-content\/uploads\/2021\/09\/Respiratory-Ventilator-VG70-2-734x1024.jpg","datePublished":"2021-09-27T16:27:05+00:00","dateModified":"2021-09-27T16:54:37+00:00","breadcrumb":{"@id":"https:\/\/wellmedpro.com\/ar\/medical-equipment\/#breadcrumb"},"inLanguage":"pt-PT","potentialAction":[{"@type":"ReadAction","target":["https:\/\/wellmedpro.com\/ar\/medical-equipment\/"]}]},{"@type":"ImageObject","inLanguage":"pt-PT","@id":"https:\/\/wellmedpro.com\/ar\/medical-equipment\/#primaryimage","url":"http:\/\/wellmedpro.com\/wp-content\/uploads\/2021\/09\/Respiratory-Ventilator-VG70-2-734x1024.jpg","contentUrl":"http:\/\/wellmedpro.com\/wp-content\/uploads\/2021\/09\/Respiratory-Ventilator-VG70-2-734x1024.jpg"},{"@type":"BreadcrumbList","@id":"https:\/\/wellmedpro.com\/ar\/medical-equipment\/#breadcrumb","itemListElement":[{"@type":"ListItem","position":1,"name":"Portada","item":"https:\/\/wellmedpro.com\/zh\/"},{"@type":"ListItem","position":2,"name":"Medical Equipment"}]},{"@type":"WebSite","@id":"https:\/\/wellmedpro.com\/zh\/#website","url":"https:\/\/wellmedpro.com\/zh\/","name":"Wellmed Pro","description":"Medical &amp; Veterinary Equipment","publisher":{"@id":"https:\/\/wellmedpro.com\/zh\/#organization"},"potentialAction":[{"@type":"SearchAction","target":{"@type":"EntryPoint","urlTemplate":"https:\/\/wellmedpro.com\/zh\/?s={search_term_string}"},"query-input":{"@type":"PropertyValueSpecification","valueRequired":true,"valueName":"search_term_string"}}],"inLanguage":"pt-PT"},{"@type":"Organization","@id":"https:\/\/wellmedpro.com\/zh\/#organization","name":"Wellmed Pro","url":"https:\/\/wellmedpro.com\/zh\/","logo":{"@type":"ImageObject","inLanguage":"pt-PT","@id":"https:\/\/wellmedpro.com\/zh\/#\/schema\/logo\/image\/","url":"https:\/\/wellmedpro.com\/wp-content\/uploads\/2020\/03\/cropped-wellmedpro-logo.png","contentUrl":"https:\/\/wellmedpro.com\/wp-content\/uploads\/2020\/03\/cropped-wellmedpro-logo.png","width":2865,"height":287,"caption":"Wellmed Pro "},"image":{"@id":"https:\/\/wellmedpro.com\/zh\/#\/schema\/logo\/image\/"},"sameAs":["https:\/\/x.com\/ProWellmed","https:\/\/www.linkedin.com\/in\/nacho-rexach-torner-0bba1731\/","https:\/\/www.youtube.com\/channel\/UC_CLjmjvvaUSQlLMX6reqCA"]}]}},"_links":{"self":[{"href":"https:\/\/wellmedpro.com\/pt\/wp-json\/wp\/v2\/pages\/1557","targetHints":{"allow":["GET"]}}],"collection":[{"href":"https:\/\/wellmedpro.com\/pt\/wp-json\/wp\/v2\/pages"}],"about":[{"href":"https:\/\/wellmedpro.com\/pt\/wp-json\/wp\/v2\/types\/page"}],"author":[{"embeddable":true,"href":"https:\/\/wellmedpro.com\/pt\/wp-json\/wp\/v2\/users\/1"}],"replies":[{"embeddable":true,"href":"https:\/\/wellmedpro.com\/pt\/wp-json\/wp\/v2\/comments?post=1557"}],"version-history":[{"count":11,"href":"https:\/\/wellmedpro.com\/pt\/wp-json\/wp\/v2\/pages\/1557\/revisions"}],"predecessor-version":[{"id":1981,"href":"https:\/\/wellmedpro.com\/pt\/wp-json\/wp\/v2\/pages\/1557\/revisions\/1981"}],"wp:attachment":[{"href":"https:\/\/wellmedpro.com\/pt\/wp-json\/wp\/v2\/media?parent=1557"}],"curies":[{"name":"wp","href":"https:\/\/api.w.org\/{rel}","templated":true}]}}