{"id":2527,"date":"2023-05-12T09:22:49","date_gmt":"2023-05-12T09:22:49","guid":{"rendered":"https:\/?post_type=product&#038;p=2527"},"modified":"2025-02-09T20:06:58","modified_gmt":"2025-02-09T20:06:58","slug":"ysot-cc03g-electric-delivery-table","status":"publish","type":"product","link":"https:\/\/wellmedpro.com\/fr\/produit\/ysot-cc03g-electric-delivery-table\/","title":{"rendered":"YSOT-CC03G \u2013 Table d&#039;accouchement \u00e9lectrique"},"content":{"rendered":"<h2>YSOT-CC03G \u2013 Table d&#039;accouchement \u00e9lectrique<\/h2>\n<p>La table d&#039;accouchement \u00e9lectrique YSOT-CC03G est un \u00e9quipement m\u00e9dical utilis\u00e9 pour les interventions obst\u00e9tricales. Le lit mesure 2\u00a0100 mm x 600 mm et sa hauteur est r\u00e9glable de 700 mm \u00e0 920 mm. L&#039;inclinaison est de 25\u00b0 \u00e0 10\u00b0, tandis que le dossier se replie \u00e0 75\u00b0 ou 10\u00b0. Le dossier mesure 740 mm x 600 mm, le plateau d&#039;assise 390 mm x 600 mm et le repose-jambes 590 mm x 600 mm. La table d&#039;accouchement \u00e9lectrique YSOT-CC03G mesure 900 mm x 600 mm et fonctionne sur une alimentation 220 V 50 Hz.<\/p>\n<h2>Caract\u00e9ristiques:<\/h2>\n<ul>\n<li>Dimensions du lit : 2100 mm x 600 mm<\/li>\n<li>R\u00e9glage de la hauteur : 700 mm-920 mm<\/li>\n<li>R\u00e9glage avant et arri\u00e8re : 25\u00b0-10\u00b0<\/li>\n<li>R\u00e9glage de la plaque arri\u00e8re : repliable \u2265 75\u00b0, repliable \u2265 10\u00b0<\/li>\n<li>Plaque arri\u00e8re : 740 mm x 600 mm<\/li>\n<li>Planche d&#039;assise : 390 mm x 600 mm<\/li>\n<li>Plaque de jambe : 590 mm x 600 mm<\/li>\n<li>Dimensions : 900 mm x 600 mm<\/li>\n<li>Alimentation : 220 V 50 Hz<\/li>\n<\/ul>\n<p>&nbsp;<\/p>","protected":false},"excerpt":{"rendered":"<p>La table d&#039;accouchement \u00e9lectrique YSOT-CC03G est un \u00e9quipement m\u00e9dical utilis\u00e9 pour les interventions obst\u00e9tricales. Elle mesure 2\u00a0100 mm x 600 mm et sa hauteur est r\u00e9glable de 700 mm \u00e0 920 mm.<\/p>\n<p>Caract\u00e9ristiques:<\/p>\n<ul>\n<li>Dimensions du lit : 2100 mm x 600 mm<\/li>\n<li>R\u00e9glage de la hauteur : 700 mm-920 mm<\/li>\n<li>R\u00e9glage avant et arri\u00e8re : 25\u00b0-10\u00b0<\/li>\n<li>R\u00e9glage de la plaque arri\u00e8re : repliable \u2265 75\u00b0, repliable \u2265 10\u00b0<\/li>\n<li>Plaque arri\u00e8re : 740 mm x 600 mm<\/li>\n<li>Planche d&#039;assise : 390 mm x 600 mm<\/li>\n<li>Plaque de jambe : 590 mm x 600 mm<\/li>\n<li>Dimensions : 900 mm x 600 mm<\/li>\n<li>Alimentation : 220 V 50 Hz<\/li>\n<\/ul>","protected":false},"featured_media":2528,"comment_status":"open","ping_status":"closed","template":"","meta":{"_monsterinsights_skip_tracking":false,"_monsterinsights_sitenote_active":false,"_monsterinsights_sitenote_note":"","_monsterinsights_sitenote_category":0},"product_brand":[],"product_cat":[104,60],"product_tag":[105],"class_list":{"0":"post-2527","1":"product","2":"type-product","3":"status-publish","4":"has-post-thumbnail","6":"product_cat-delivery-tables","7":"product_cat-obstetrics-and-gynecology-equipment","8":"product_tag-delivery-table","10":"first","11":"instock","12":"shipping-taxable","13":"product-type-simple"},"yoast_head":"<!-- This site is optimized with the Yoast SEO plugin v24.7 - https:\/\/yoast.com\/wordpress\/plugins\/seo\/ -->\n<title>YSOT-CC03G - Electric Delivery Table - Wellmed Pro<\/title>\n<meta name=\"description\" content=\"The YSOT-CC03G Electric Delivery Table is a medical equipment used for obstetric procedures. The bed has a size of 2100mm x 600mm.\" \/>\n<meta name=\"robots\" content=\"index, follow, max-snippet:-1, max-image-preview:large, max-video-preview:-1\" \/>\n<link rel=\"canonical\" href=\"https:\/\/wellmedpro.com\/fr\/produto\/ysot-cc03g-electric-delivery-table\/\" \/>\n<meta property=\"og:locale\" content=\"fr_FR\" \/>\n<meta property=\"og:type\" content=\"article\" \/>\n<meta property=\"og:title\" content=\"YSOT-CC03G - Electric Delivery Table - Wellmed Pro\" \/>\n<meta property=\"og:description\" content=\"The YSOT-CC03G Electric Delivery Table is a medical equipment used for obstetric procedures. The bed has a size of 2100mm x 600mm.\" \/>\n<meta property=\"og:url\" content=\"https:\/\/wellmedpro.com\/fr\/produto\/ysot-cc03g-electric-delivery-table\/\" \/>\n<meta property=\"og:site_name\" content=\"Wellmed Pro\" \/>\n<meta property=\"article:modified_time\" content=\"2025-02-09T20:06:58+00:00\" \/>\n<meta property=\"og:image\" content=\"https:\/\/wellmedpro.com\/wp-content\/uploads\/2023\/05\/YSOT-CC03G.png\" \/>\n\t<meta property=\"og:image:width\" content=\"591\" \/>\n\t<meta property=\"og:image:height\" content=\"548\" \/>\n\t<meta property=\"og:image:type\" content=\"image\/png\" \/>\n<meta name=\"twitter:card\" content=\"summary_large_image\" \/>\n<meta name=\"twitter:site\" content=\"@ProWellmed\" \/>\n<meta name=\"twitter:label1\" content=\"Dur\u00e9e de lecture estim\u00e9e\" \/>\n\t<meta name=\"twitter:data1\" content=\"1 minute\" \/>\n<script type=\"application\/ld+json\" class=\"yoast-schema-graph\">{\"@context\":\"https:\/\/schema.org\",\"@graph\":[{\"@type\":\"WebPage\",\"@id\":\"https:\/\/wellmedpro.com\/pt\/produto\/ysot-cc03g-electric-delivery-table\/\",\"url\":\"https:\/\/wellmedpro.com\/pt\/produto\/ysot-cc03g-electric-delivery-table\/\",\"name\":\"YSOT-CC03G - Electric Delivery Table - Wellmed Pro\",\"isPartOf\":{\"@id\":\"https:\/\/wellmedpro.com\/zh\/#website\"},\"primaryImageOfPage\":{\"@id\":\"https:\/\/wellmedpro.com\/pt\/produto\/ysot-cc03g-electric-delivery-table\/#primaryimage\"},\"image\":{\"@id\":\"https:\/\/wellmedpro.com\/pt\/produto\/ysot-cc03g-electric-delivery-table\/#primaryimage\"},\"thumbnailUrl\":\"https:\/\/wellmedpro.com\/wp-content\/uploads\/2023\/05\/YSOT-CC03G.png\",\"datePublished\":\"2023-05-12T09:22:49+00:00\",\"dateModified\":\"2025-02-09T20:06:58+00:00\",\"description\":\"The YSOT-CC03G Electric Delivery Table is a medical equipment used for obstetric procedures. The bed has a size of 2100mm x 600mm.\",\"breadcrumb\":{\"@id\":\"https:\/\/wellmedpro.com\/pt\/produto\/ysot-cc03g-electric-delivery-table\/#breadcrumb\"},\"inLanguage\":\"fr-FR\",\"potentialAction\":[{\"@type\":\"ReadAction\",\"target\":[\"https:\/\/wellmedpro.com\/pt\/produto\/ysot-cc03g-electric-delivery-table\/\"]}]},{\"@type\":\"ImageObject\",\"inLanguage\":\"fr-FR\",\"@id\":\"https:\/\/wellmedpro.com\/pt\/produto\/ysot-cc03g-electric-delivery-table\/#primaryimage\",\"url\":\"https:\/\/wellmedpro.com\/wp-content\/uploads\/2023\/05\/YSOT-CC03G.png\",\"contentUrl\":\"https:\/\/wellmedpro.com\/wp-content\/uploads\/2023\/05\/YSOT-CC03G.png\",\"width\":591,\"height\":548},{\"@type\":\"BreadcrumbList\",\"@id\":\"https:\/\/wellmedpro.com\/pt\/produto\/ysot-cc03g-electric-delivery-table\/#breadcrumb\",\"itemListElement\":[{\"@type\":\"ListItem\",\"position\":1,\"name\":\"Portada\",\"item\":\"https:\/\/wellmedpro.com\/zh\/\"},{\"@type\":\"ListItem\",\"position\":2,\"name\":\"Shop\",\"item\":\"https:\/\/wellmedpro.com\/pt\/shop\/\"},{\"@type\":\"ListItem\",\"position\":3,\"name\":\"YSOT-CC03G &#8211; Electric Delivery Table\"}]},{\"@type\":\"WebSite\",\"@id\":\"https:\/\/wellmedpro.com\/zh\/#website\",\"url\":\"https:\/\/wellmedpro.com\/zh\/\",\"name\":\"Wellmed Pro\",\"description\":\"Medical &amp; Veterinary Equipment\",\"publisher\":{\"@id\":\"https:\/\/wellmedpro.com\/zh\/#organization\"},\"potentialAction\":[{\"@type\":\"SearchAction\",\"target\":{\"@type\":\"EntryPoint\",\"urlTemplate\":\"https:\/\/wellmedpro.com\/zh\/?s={search_term_string}\"},\"query-input\":{\"@type\":\"PropertyValueSpecification\",\"valueRequired\":true,\"valueName\":\"search_term_string\"}}],\"inLanguage\":\"fr-FR\"},{\"@type\":\"Organization\",\"@id\":\"https:\/\/wellmedpro.com\/zh\/#organization\",\"name\":\"Wellmed Pro\",\"url\":\"https:\/\/wellmedpro.com\/zh\/\",\"logo\":{\"@type\":\"ImageObject\",\"inLanguage\":\"fr-FR\",\"@id\":\"https:\/\/wellmedpro.com\/zh\/#\/schema\/logo\/image\/\",\"url\":\"https:\/\/wellmedpro.com\/wp-content\/uploads\/2020\/03\/cropped-wellmedpro-logo.png\",\"contentUrl\":\"https:\/\/wellmedpro.com\/wp-content\/uploads\/2020\/03\/cropped-wellmedpro-logo.png\",\"width\":2865,\"height\":287,\"caption\":\"Wellmed Pro \"},\"image\":{\"@id\":\"https:\/\/wellmedpro.com\/zh\/#\/schema\/logo\/image\/\"},\"sameAs\":[\"https:\/\/x.com\/ProWellmed\",\"https:\/\/www.linkedin.com\/in\/nacho-rexach-torner-0bba1731\/\",\"https:\/\/www.youtube.com\/channel\/UC_CLjmjvvaUSQlLMX6reqCA\"]}]}<\/script>\n<!-- \/ Yoast SEO plugin. -->","yoast_head_json":{"title":"YSOT-CC03G - Electric Delivery Table - Wellmed Pro","description":"The YSOT-CC03G Electric Delivery Table is a medical equipment used for obstetric procedures. The bed has a size of 2100mm x 600mm.","robots":{"index":"index","follow":"follow","max-snippet":"max-snippet:-1","max-image-preview":"max-image-preview:large","max-video-preview":"max-video-preview:-1"},"canonical":"https:\/\/wellmedpro.com\/fr\/produto\/ysot-cc03g-electric-delivery-table\/","og_locale":"fr_FR","og_type":"article","og_title":"YSOT-CC03G - Electric Delivery Table - Wellmed Pro","og_description":"The YSOT-CC03G Electric Delivery Table is a medical equipment used for obstetric procedures. The bed has a size of 2100mm x 600mm.","og_url":"https:\/\/wellmedpro.com\/fr\/produto\/ysot-cc03g-electric-delivery-table\/","og_site_name":"Wellmed Pro","article_modified_time":"2025-02-09T20:06:58+00:00","og_image":[{"width":591,"height":548,"url":"https:\/\/wellmedpro.com\/wp-content\/uploads\/2023\/05\/YSOT-CC03G.png","type":"image\/png"}],"twitter_card":"summary_large_image","twitter_site":"@ProWellmed","twitter_misc":{"Dur\u00e9e de lecture estim\u00e9e":"1 minute"},"schema":{"@context":"https:\/\/schema.org","@graph":[{"@type":"WebPage","@id":"https:\/\/wellmedpro.com\/pt\/produto\/ysot-cc03g-electric-delivery-table\/","url":"https:\/\/wellmedpro.com\/pt\/produto\/ysot-cc03g-electric-delivery-table\/","name":"YSOT-CC03G - Electric Delivery Table - Wellmed Pro","isPartOf":{"@id":"https:\/\/wellmedpro.com\/zh\/#website"},"primaryImageOfPage":{"@id":"https:\/\/wellmedpro.com\/pt\/produto\/ysot-cc03g-electric-delivery-table\/#primaryimage"},"image":{"@id":"https:\/\/wellmedpro.com\/pt\/produto\/ysot-cc03g-electric-delivery-table\/#primaryimage"},"thumbnailUrl":"https:\/\/wellmedpro.com\/wp-content\/uploads\/2023\/05\/YSOT-CC03G.png","datePublished":"2023-05-12T09:22:49+00:00","dateModified":"2025-02-09T20:06:58+00:00","description":"The YSOT-CC03G Electric Delivery Table is a medical equipment used for obstetric procedures. The bed has a size of 2100mm x 600mm.","breadcrumb":{"@id":"https:\/\/wellmedpro.com\/pt\/produto\/ysot-cc03g-electric-delivery-table\/#breadcrumb"},"inLanguage":"fr-FR","potentialAction":[{"@type":"ReadAction","target":["https:\/\/wellmedpro.com\/pt\/produto\/ysot-cc03g-electric-delivery-table\/"]}]},{"@type":"ImageObject","inLanguage":"fr-FR","@id":"https:\/\/wellmedpro.com\/pt\/produto\/ysot-cc03g-electric-delivery-table\/#primaryimage","url":"https:\/\/wellmedpro.com\/wp-content\/uploads\/2023\/05\/YSOT-CC03G.png","contentUrl":"https:\/\/wellmedpro.com\/wp-content\/uploads\/2023\/05\/YSOT-CC03G.png","width":591,"height":548},{"@type":"BreadcrumbList","@id":"https:\/\/wellmedpro.com\/pt\/produto\/ysot-cc03g-electric-delivery-table\/#breadcrumb","itemListElement":[{"@type":"ListItem","position":1,"name":"Portada","item":"https:\/\/wellmedpro.com\/zh\/"},{"@type":"ListItem","position":2,"name":"Shop","item":"https:\/\/wellmedpro.com\/pt\/shop\/"},{"@type":"ListItem","position":3,"name":"YSOT-CC03G &#8211; Electric Delivery Table"}]},{"@type":"WebSite","@id":"https:\/\/wellmedpro.com\/zh\/#website","url":"https:\/\/wellmedpro.com\/zh\/","name":"Wellmed Pro","description":"Medical &amp; Veterinary Equipment","publisher":{"@id":"https:\/\/wellmedpro.com\/zh\/#organization"},"potentialAction":[{"@type":"SearchAction","target":{"@type":"EntryPoint","urlTemplate":"https:\/\/wellmedpro.com\/zh\/?s={search_term_string}"},"query-input":{"@type":"PropertyValueSpecification","valueRequired":true,"valueName":"search_term_string"}}],"inLanguage":"fr-FR"},{"@type":"Organization","@id":"https:\/\/wellmedpro.com\/zh\/#organization","name":"Wellmed Pro","url":"https:\/\/wellmedpro.com\/zh\/","logo":{"@type":"ImageObject","inLanguage":"fr-FR","@id":"https:\/\/wellmedpro.com\/zh\/#\/schema\/logo\/image\/","url":"https:\/\/wellmedpro.com\/wp-content\/uploads\/2020\/03\/cropped-wellmedpro-logo.png","contentUrl":"https:\/\/wellmedpro.com\/wp-content\/uploads\/2020\/03\/cropped-wellmedpro-logo.png","width":2865,"height":287,"caption":"Wellmed Pro "},"image":{"@id":"https:\/\/wellmedpro.com\/zh\/#\/schema\/logo\/image\/"},"sameAs":["https:\/\/x.com\/ProWellmed","https:\/\/www.linkedin.com\/in\/nacho-rexach-torner-0bba1731\/","https:\/\/www.youtube.com\/channel\/UC_CLjmjvvaUSQlLMX6reqCA"]}]}},"_links":{"self":[{"href":"https:\/\/wellmedpro.com\/fr\/wp-json\/wp\/v2\/product\/2527","targetHints":{"allow":["GET"]}}],"collection":[{"href":"https:\/\/wellmedpro.com\/fr\/wp-json\/wp\/v2\/product"}],"about":[{"href":"https:\/\/wellmedpro.com\/fr\/wp-json\/wp\/v2\/types\/product"}],"replies":[{"embeddable":true,"href":"https:\/\/wellmedpro.com\/fr\/wp-json\/wp\/v2\/comments?post=2527"}],"wp:featuredmedia":[{"embeddable":true,"href":"https:\/\/wellmedpro.com\/fr\/wp-json\/wp\/v2\/media\/2528"}],"wp:attachment":[{"href":"https:\/\/wellmedpro.com\/fr\/wp-json\/wp\/v2\/media?parent=2527"}],"wp:term":[{"taxonomy":"product_brand","embeddable":true,"href":"https:\/\/wellmedpro.com\/fr\/wp-json\/wp\/v2\/product_brand?post=2527"},{"taxonomy":"product_cat","embeddable":true,"href":"https:\/\/wellmedpro.com\/fr\/wp-json\/wp\/v2\/product_cat?post=2527"},{"taxonomy":"product_tag","embeddable":true,"href":"https:\/\/wellmedpro.com\/fr\/wp-json\/wp\/v2\/product_tag?post=2527"}],"curies":[{"name":"wp","href":"https:\/\/api.w.org\/{rel}","templated":true}]}}